{"id":17492,"date":"2018-12-10T03:06:47","date_gmt":"2018-12-10T03:06:47","guid":{"rendered":"https:\/\/hurghadaroyaltours.com\/about-us\/"},"modified":"2026-02-10T22:33:41","modified_gmt":"2026-02-10T22:33:41","slug":"about-us","status":"publish","type":"page","link":"https:\/\/hurghadaroyaltours.com\/fr\/about-us\/","title":{"rendered":"\u00c0 propos de nous"},"content":{"rendered":"\t\t<div data-elementor-type=\"wp-page\" data-elementor-id=\"17492\" class=\"elementor elementor-17492 elementor-8028\" data-elementor-post-type=\"page\">\n\t\t\t\t\t\t<section class=\"elementor-section elementor-top-section elementor-element elementor-element-3e3b8154 elementor-section-boxed elementor-section-height-default elementor-section-height-default\" data-id=\"3e3b8154\" data-element_type=\"section\" data-e-type=\"section\">\n\t\t\t\t\t\t<div class=\"elementor-container elementor-column-gap-default\">\n\t\t\t\t\t<div class=\"elementor-column elementor-col-50 elementor-top-column elementor-element elementor-element-63057782\" data-id=\"63057782\" data-element_type=\"column\" data-e-type=\"column\">\n\t\t\t<div class=\"elementor-widget-wrap elementor-element-populated\">\n\t\t\t\t\t\t<div class=\"elementor-element elementor-element-78a5ae5f elementor-widget elementor-widget-image\" data-id=\"78a5ae5f\" data-element_type=\"widget\" data-e-type=\"widget\" data-widget_type=\"image.default\">\n\t\t\t\t<div class=\"elementor-widget-container\">\n\t\t\t\t\t\t\t\t\t\t\t\t\t\t\t<img fetchpriority=\"high\" decoding=\"async\" width=\"1440\" height=\"602\" src=\"https:\/\/hurghadaroyaltours.com\/wp-content\/uploads\/2024\/08\/orange_bay_insel_hurghada.1.jpg\" class=\"attachment-full size-full wp-image-16415\" alt=\"\" srcset=\"https:\/\/hurghadaroyaltours.com\/wp-content\/uploads\/2024\/08\/orange_bay_insel_hurghada.1.jpg 1440w, https:\/\/hurghadaroyaltours.com\/wp-content\/uploads\/2024\/08\/orange_bay_insel_hurghada.1-768x321.jpg 768w, https:\/\/hurghadaroyaltours.com\/wp-content\/uploads\/2024\/08\/orange_bay_insel_hurghada.1-600x250.jpg 600w\" sizes=\"(max-width: 1440px) 100vw, 1440px\" \/>\t\t\t\t\t\t\t\t\t\t\t\t\t\t\t<\/div>\n\t\t\t\t<\/div>\n\t\t\t\t\t<\/div>\n\t\t<\/div>\n\t\t\t\t<div class=\"elementor-column elementor-col-50 elementor-top-column elementor-element elementor-element-625b5eb4\" data-id=\"625b5eb4\" data-element_type=\"column\" data-e-type=\"column\">\n\t\t\t<div class=\"elementor-widget-wrap elementor-element-populated\">\n\t\t\t\t\t\t<div class=\"elementor-element elementor-element-767e972f elementor-widget elementor-widget-image\" data-id=\"767e972f\" data-element_type=\"widget\" data-e-type=\"widget\" data-widget_type=\"image.default\">\n\t\t\t\t<div class=\"elementor-widget-container\">\n\t\t\t\t\t\t\t\t\t\t\t\t\t\t\t<img decoding=\"async\" width=\"1920\" height=\"960\" src=\"https:\/\/hurghadaroyaltours.com\/wp-content\/uploads\/2018\/12\/hurghada.jpg\" class=\"attachment-full size-full wp-image-15815\" alt=\"\" srcset=\"https:\/\/hurghadaroyaltours.com\/wp-content\/uploads\/2018\/12\/hurghada.jpg 1920w, https:\/\/hurghadaroyaltours.com\/wp-content\/uploads\/2018\/12\/hurghada-768x384.jpg 768w, https:\/\/hurghadaroyaltours.com\/wp-content\/uploads\/2018\/12\/hurghada-600x300.jpg 600w\" sizes=\"(max-width: 1920px) 100vw, 1920px\" \/>\t\t\t\t\t\t\t\t\t\t\t\t\t\t\t<\/div>\n\t\t\t\t<\/div>\n\t\t\t\t\t<\/div>\n\t\t<\/div>\n\t\t\t\t\t<\/div>\n\t\t<\/section>\n\t\t\t\t<section class=\"elementor-section elementor-top-section elementor-element elementor-element-d4a03a1 elementor-section-boxed elementor-section-height-default elementor-section-height-default\" data-id=\"d4a03a1\" data-element_type=\"section\" data-e-type=\"section\">\n\t\t\t\t\t\t<div class=\"elementor-container elementor-column-gap-default\">\n\t\t\t\t\t<div class=\"elementor-column elementor-col-100 elementor-top-column elementor-element elementor-element-5037b43\" data-id=\"5037b43\" data-element_type=\"column\" data-e-type=\"column\">\n\t\t\t<div class=\"elementor-widget-wrap elementor-element-populated\">\n\t\t\t\t\t\t<div class=\"elementor-element elementor-element-4a258b80 elementor-widget elementor-widget-heading\" data-id=\"4a258b80\" data-element_type=\"widget\" data-e-type=\"widget\" data-widget_type=\"heading.default\">\n\t\t\t\t<div class=\"elementor-widget-container\">\n\t\t\t\t\t<h2 class=\"elementor-heading-title elementor-size-default\">Hurghada Royal Tours<\/h2>\t\t\t\t<\/div>\n\t\t\t\t<\/div>\n\t\t\t\t<div class=\"elementor-element elementor-element-46a6beb9 elementor-widget elementor-widget-text-editor\" data-id=\"46a6beb9\" data-element_type=\"widget\" data-e-type=\"widget\" data-widget_type=\"text-editor.default\">\n\t\t\t\t<div class=\"elementor-widget-container\">\n\t\t\t\t\t\t\t\t\t<p data-start=\"59\" data-end=\"240\">Notre direction et notre personnel poss\u00e8dent une vaste exp\u00e9rience dans le secteur du tourisme. Tous sont des professionnels hautement qualifi\u00e9s et, bien s\u00fbr, ma\u00eetrisent l\u2019anglais.<\/p><p data-start=\"242\" data-end=\"528\">Dans notre agence de voyage et sur notre site web, vous pouvez r\u00e9server des excursions \u00e0 la journ\u00e9e depuis El Gouna, Hurghada, Sahl Hasheesh, Makadi Bay, Soma Bay, Safaga, El Quseir, Marsa Alam, Le Caire, Alexandrie, Louxor, Assouan, et de nombreuses autres villes \u00e0 travers l\u2019\u00c9gypte.<\/p>\t\t\t\t\t\t\t\t<\/div>\n\t\t\t\t<\/div>\n\t\t\t\t\t<\/div>\n\t\t<\/div>\n\t\t\t\t\t<\/div>\n\t\t<\/section>\n\t\t\t\t<section class=\"elementor-section elementor-top-section elementor-element elementor-element-fafdcfd elementor-section-boxed elementor-section-height-default elementor-section-height-default\" data-id=\"fafdcfd\" data-element_type=\"section\" data-e-type=\"section\">\n\t\t\t\t\t\t<div class=\"elementor-container elementor-column-gap-default\">\n\t\t\t\t\t<div class=\"elementor-column elementor-col-100 elementor-top-column elementor-element elementor-element-1f71b91\" data-id=\"1f71b91\" data-element_type=\"column\" data-e-type=\"column\">\n\t\t\t<div class=\"elementor-widget-wrap elementor-element-populated\">\n\t\t\t\t\t\t<div class=\"elementor-element elementor-element-bae0906 elementor-widget elementor-widget-heading\" data-id=\"bae0906\" data-element_type=\"widget\" data-e-type=\"widget\" data-widget_type=\"heading.default\">\n\t\t\t\t<div class=\"elementor-widget-container\">\n\t\t\t\t\t<h2 class=\"elementor-heading-title elementor-size-default\">NOUS VOUS OFFRONS :<\/h2>\t\t\t\t<\/div>\n\t\t\t\t<\/div>\n\t\t\t\t<div class=\"elementor-element elementor-element-7c32f9b elementor-widget elementor-widget-text-editor\" data-id=\"7c32f9b\" data-element_type=\"widget\" data-e-type=\"widget\" data-widget_type=\"text-editor.default\">\n\t\t\t\t<div class=\"elementor-widget-container\">\n\t\t\t\t\t\t\t\t\t<div class=\"p-t50 p-b100 aon-bg-white\"><p>\u00a0<\/p><div class=\"container\"><div class=\"layout layout-1-col\"><div role=\"main\"><div class=\"std\"><ol><li><div class=\"flex-1 overflow-hidden @container\/thread\"><div class=\"h-full\"><div class=\"react-scroll-to-bottom--css-uxgmn-79elbk h-full\"><div class=\"react-scroll-to-bottom--css-uxgmn-1n7m0yu\"><div class=\"flex flex-col text-sm md:pb-9\"><article class=\"w-full scroll-mb-[var(--thread-trailing-height,150px)] text-token-text-primary focus-visible:outline-2 focus-visible:outline-offset-[-4px]\" dir=\"auto\" data-testid=\"conversation-turn-5\" data-scroll-anchor=\"true\"><div class=\"m-auto text-base py-[18px] px-3 md:px-4 w-full md:px-5 lg:px-4 xl:px-5\"><div class=\"mx-auto flex flex-1 gap-4 text-base md:gap-5 lg:gap-6 md:max-w-3xl\"><div class=\"group\/conversation-turn relative flex w-full min-w-0 flex-col agent-turn\"><div class=\"flex-col gap-1 md:gap-3\"><div class=\"flex max-w-full flex-col flex-grow\"><div class=\"min-h-8 text-message flex w-full flex-col items-end gap-2 whitespace-normal break-words text-start [.text-message+&amp;]:mt-5\" dir=\"auto\" data-message-author-role=\"assistant\" data-message-id=\"41d33de0-c5f0-4075-9968-befc80373e44\" data-message-model-slug=\"gpt-4o-mini\"><div class=\"flex w-full flex-col gap-1 empty:hidden first:pt-[3px]\"><div class=\"markdown prose w-full break-words dark:prose-invert light\"><p data-start=\"100\" data-end=\"132\"><strong data-start=\"100\" data-end=\"130\">NOS SERVICES COMPRENNENT :<\/strong><\/p><ul data-start=\"134\" data-end=\"573\"><li data-start=\"134\" data-end=\"222\"><p data-start=\"136\" data-end=\"222\">Excursions \u00e0 terre pour les passagers de croisi\u00e8re depuis diff\u00e9rents ports en \u00c9gypte<\/p><\/li><li data-start=\"223\" data-end=\"249\"><p data-start=\"225\" data-end=\"249\">Safaris dans le d\u00e9sert<\/p><\/li><li data-start=\"250\" data-end=\"264\"><p data-start=\"252\" data-end=\"264\">Transferts<\/p><\/li><li data-start=\"265\" data-end=\"290\"><p data-start=\"267\" data-end=\"290\">R\u00e9servations d\u2019h\u00f4tels<\/p><\/li><li data-start=\"291\" data-end=\"340\"><p data-start=\"293\" data-end=\"340\">Croisi\u00e8res sur le Nil entre Louxor et Assouan<\/p><\/li><li data-start=\"341\" data-end=\"401\"><p data-start=\"343\" data-end=\"401\">Croisi\u00e8re sur le lac Nasser entre Assouan et Abou Simbel<\/p><\/li><li data-start=\"402\" data-end=\"442\"><p data-start=\"404\" data-end=\"442\">Tours de groupe jusqu\u2019\u00e0 20 personnes<\/p><\/li><li data-start=\"443\" data-end=\"507\"><p data-start=\"445\" data-end=\"507\">Excursions priv\u00e9es, y compris des voyages de plusieurs jours<\/p><\/li><li data-start=\"508\" data-end=\"545\"><p data-start=\"510\" data-end=\"545\">Excursions et circuits abordables<\/p><\/li><li data-start=\"546\" data-end=\"573\"><p data-start=\"548\" data-end=\"573\">Exp\u00e9riences culturelles<\/p><\/li><\/ul><p data-start=\"575\" data-end=\"804\">Si vous \u00eates int\u00e9ress\u00e9 par des excursions non list\u00e9es dans notre programme, nous serons ravis de les organiser pour vous. Nous nous engageons \u00e0 offrir une exp\u00e9rience de vacances inoubliable que vous ch\u00e9rirez pendant des ann\u00e9es.<\/p><p data-start=\"806\" data-end=\"1251\">Si vous planifiez des vacances ou recherchez un h\u00e9bergement abordable et moderne, n\u2019h\u00e9sitez pas \u00e0 nous rendre visite. L\u2019\u00e9quipe de <strong data-start=\"936\" data-end=\"960\">Hurghada Royal Tours<\/strong> est l\u00e0 pour vous fournir des conseils d\u2019experts. R\u00e9servez votre exp\u00e9rience de voyage personnalis\u00e9e avec nous. Nous mettons tout en \u0153uvre pour que vous profitiez pleinement de votre s\u00e9jour d\u00e8s le premier instant. Nous sommes votre partenaire de voyage avant, pendant et apr\u00e8s votre voyage.<\/p><\/div><\/div><\/div><\/div><\/div><\/div><\/div><\/div><\/article><\/div><\/div><\/div><\/div><\/div><\/li><\/ol><\/div><\/div><\/div><\/div><\/div>\t\t\t\t\t\t\t\t<\/div>\n\t\t\t\t<\/div>\n\t\t\t\t\t<\/div>\n\t\t<\/div>\n\t\t\t\t\t<\/div>\n\t\t<\/section>\n\t\t\t\t<section class=\"elementor-section elementor-top-section elementor-element elementor-element-9d97e97 elementor-section-boxed elementor-section-height-default elementor-section-height-default\" data-id=\"9d97e97\" data-element_type=\"section\" data-e-type=\"section\">\n\t\t\t\t\t\t<div class=\"elementor-container elementor-column-gap-default\">\n\t\t\t\t\t<div class=\"elementor-column elementor-col-100 elementor-top-column elementor-element elementor-element-49a36cd\" data-id=\"49a36cd\" data-element_type=\"column\" data-e-type=\"column\">\n\t\t\t<div class=\"elementor-widget-wrap\">\n\t\t\t\t\t\t\t<\/div>\n\t\t<\/div>\n\t\t\t\t\t<\/div>\n\t\t<\/section>\n\t\t\t\t<section class=\"elementor-section elementor-top-section elementor-element elementor-element-7f6ce5f elementor-section-boxed elementor-section-height-default elementor-section-height-default\" data-id=\"7f6ce5f\" data-element_type=\"section\" data-e-type=\"section\">\n\t\t\t\t\t\t<div class=\"elementor-container elementor-column-gap-default\">\n\t\t\t\t\t<div class=\"elementor-column elementor-col-100 elementor-top-column elementor-element elementor-element-4548155\" data-id=\"4548155\" data-element_type=\"column\" data-e-type=\"column\">\n\t\t\t<div class=\"elementor-widget-wrap\">\n\t\t\t\t\t\t\t<\/div>\n\t\t<\/div>\n\t\t\t\t\t<\/div>\n\t\t<\/section>\n\t\t\t\t<section class=\"elementor-section elementor-top-section elementor-element elementor-element-83f8148 elementor-section-boxed elementor-section-height-default elementor-section-height-default\" data-id=\"83f8148\" data-element_type=\"section\" data-e-type=\"section\">\n\t\t\t\t\t\t<div class=\"elementor-container elementor-column-gap-default\">\n\t\t\t\t\t<div class=\"elementor-column elementor-col-100 elementor-top-column elementor-element elementor-element-1fecaaa\" data-id=\"1fecaaa\" data-element_type=\"column\" data-e-type=\"column\">\n\t\t\t<div class=\"elementor-widget-wrap\">\n\t\t\t\t\t\t\t<\/div>\n\t\t<\/div>\n\t\t\t\t\t<\/div>\n\t\t<\/section>\n\t\t\t\t<section class=\"elementor-section elementor-top-section elementor-element elementor-element-924fe2e elementor-section-boxed elementor-section-height-default elementor-section-height-default\" data-id=\"924fe2e\" data-element_type=\"section\" data-e-type=\"section\">\n\t\t\t\t\t\t<div class=\"elementor-container elementor-column-gap-default\">\n\t\t\t\t\t<div class=\"elementor-column elementor-col-100 elementor-top-column elementor-element elementor-element-35b1adf\" data-id=\"35b1adf\" data-element_type=\"column\" data-e-type=\"column\">\n\t\t\t<div class=\"elementor-widget-wrap\">\n\t\t\t\t\t\t\t<\/div>\n\t\t<\/div>\n\t\t\t\t\t<\/div>\n\t\t<\/section>\n\t\t\t\t<section class=\"elementor-section elementor-top-section elementor-element elementor-element-9674ec8 elementor-section-boxed elementor-section-height-default elementor-section-height-default\" data-id=\"9674ec8\" data-element_type=\"section\" data-e-type=\"section\">\n\t\t\t\t\t\t<div class=\"elementor-container elementor-column-gap-default\">\n\t\t\t\t\t<div class=\"elementor-column elementor-col-100 elementor-top-column elementor-element elementor-element-7b0b200\" data-id=\"7b0b200\" data-element_type=\"column\" data-e-type=\"column\">\n\t\t\t<div class=\"elementor-widget-wrap\">\n\t\t\t\t\t\t\t<\/div>\n\t\t<\/div>\n\t\t\t\t\t<\/div>\n\t\t<\/section>\n\t\t\t\t<section class=\"elementor-section elementor-top-section elementor-element elementor-element-37d397c elementor-section-boxed elementor-section-height-default elementor-section-height-default\" data-id=\"37d397c\" data-element_type=\"section\" data-e-type=\"section\">\n\t\t\t\t\t\t<div class=\"elementor-container elementor-column-gap-default\">\n\t\t\t\t\t<div class=\"elementor-column elementor-col-100 elementor-top-column elementor-element elementor-element-cb6de0c\" data-id=\"cb6de0c\" data-element_type=\"column\" data-e-type=\"column\">\n\t\t\t<div class=\"elementor-widget-wrap\">\n\t\t\t\t\t\t\t<\/div>\n\t\t<\/div>\n\t\t\t\t\t<\/div>\n\t\t<\/section>\n\t\t\t\t<section class=\"elementor-section elementor-top-section elementor-element elementor-element-0495395 elementor-section-boxed elementor-section-height-default elementor-section-height-default\" data-id=\"0495395\" data-element_type=\"section\" data-e-type=\"section\">\n\t\t\t\t\t\t<div class=\"elementor-container elementor-column-gap-default\">\n\t\t\t\t\t<div class=\"elementor-column elementor-col-100 elementor-top-column elementor-element elementor-element-e36e08b\" data-id=\"e36e08b\" data-element_type=\"column\" data-e-type=\"column\">\n\t\t\t<div class=\"elementor-widget-wrap\">\n\t\t\t\t\t\t\t<\/div>\n\t\t<\/div>\n\t\t\t\t\t<\/div>\n\t\t<\/section>\n\t\t\t\t<section class=\"elementor-section elementor-top-section elementor-element elementor-element-e33ed27 elementor-section-boxed elementor-section-height-default elementor-section-height-default\" data-id=\"e33ed27\" data-element_type=\"section\" data-e-type=\"section\">\n\t\t\t\t\t\t<div class=\"elementor-container elementor-column-gap-default\">\n\t\t\t\t\t<div class=\"elementor-column elementor-col-100 elementor-top-column elementor-element elementor-element-f482cd9\" data-id=\"f482cd9\" data-element_type=\"column\" data-e-type=\"column\">\n\t\t\t<div class=\"elementor-widget-wrap elementor-element-populated\">\n\t\t\t\t\t\t<div class=\"elementor-element elementor-element-da7b587 elementor-shape-square elementor-grid-1 e-grid-align-right elementor-widget__width-auto elementor-fixed elementor-grid-mobile-0 e-grid-align-mobile-center elementor-widget-mobile__width-inherit elementor-widget elementor-widget-social-icons\" data-id=\"da7b587\" data-element_type=\"widget\" data-e-type=\"widget\" data-settings=\"{&quot;_position&quot;:&quot;fixed&quot;}\" data-widget_type=\"social-icons.default\">\n\t\t\t\t<div class=\"elementor-widget-container\">\n\t\t\t\t\t\t\t<div class=\"elementor-social-icons-wrapper elementor-grid\" role=\"list\">\n\t\t\t\t\t\t\t<span class=\"elementor-grid-item\" role=\"listitem\">\n\t\t\t\t\t<a class=\"elementor-icon elementor-social-icon elementor-social-icon-facebook elementor-repeater-item-eacc1c5\" href=\"https:\/\/facebook.com\/hurghadaroyaltours\" target=\"_blank\" rel=\"noopener\">\n\t\t\t\t\t\t<span class=\"elementor-screen-only\">Facebook<\/span>\n\t\t\t\t\t\t<i aria-hidden=\"true\" class=\"fab fa-facebook\"><\/i>\t\t\t\t\t<\/a>\n\t\t\t\t<\/span>\n\t\t\t\t\t\t\t<span class=\"elementor-grid-item\" role=\"listitem\">\n\t\t\t\t\t<a class=\"elementor-icon elementor-social-icon elementor-social-icon-instagram elementor-repeater-item-7bf0af0\" href=\"https:\/\/www.instagram.com\/hurghadaroyaltours\" target=\"_blank\" rel=\"noopener\">\n\t\t\t\t\t\t<span class=\"elementor-screen-only\">Instagram<\/span>\n\t\t\t\t\t\t<i aria-hidden=\"true\" class=\"fab fa-instagram\"><\/i>\t\t\t\t\t<\/a>\n\t\t\t\t<\/span>\n\t\t\t\t\t\t\t<span class=\"elementor-grid-item\" role=\"listitem\">\n\t\t\t\t\t<a class=\"elementor-icon elementor-social-icon elementor-social-icon-whatsapp elementor-repeater-item-711f9a3\" href=\"https:\/\/wa.me\/+201556132600\" target=\"_blank\" rel=\"noopener\">\n\t\t\t\t\t\t<span class=\"elementor-screen-only\">Whatsapp<\/span>\n\t\t\t\t\t\t<i aria-hidden=\"true\" class=\"fab fa-whatsapp\"><\/i>\t\t\t\t\t<\/a>\n\t\t\t\t<\/span>\n\t\t\t\t\t\t\t<span class=\"elementor-grid-item\" role=\"listitem\">\n\t\t\t\t\t<a class=\"elementor-icon elementor-social-icon elementor-social-icon-tripadvisor elementor-repeater-item-2cfd8f4\" href=\"https:\/\/www.tripadvisor.co.uk\/Attraction_Review-g297549-d33076098-Reviews-Hurghada_Royal_Tours-Hurghada_Red_Sea_and_Sinai.html\" target=\"_blank\" rel=\"noopener\">\n\t\t\t\t\t\t<span class=\"elementor-screen-only\">Tripadvisor<\/span>\n\t\t\t\t\t\t<i aria-hidden=\"true\" class=\"fab fa-tripadvisor\"><\/i>\t\t\t\t\t<\/a>\n\t\t\t\t<\/span>\n\t\t\t\t\t\t\t<span class=\"elementor-grid-item\" role=\"listitem\">\n\t\t\t\t\t<a class=\"elementor-icon elementor-social-icon elementor-social-icon-youtube elementor-repeater-item-2c5afd0\" href=\"https:\/\/www.youtube.com\/@hurghadaroyaltours\" target=\"_blank\" rel=\"noopener\">\n\t\t\t\t\t\t<span class=\"elementor-screen-only\">Youtube<\/span>\n\t\t\t\t\t\t<i aria-hidden=\"true\" class=\"fab fa-youtube\"><\/i>\t\t\t\t\t<\/a>\n\t\t\t\t<\/span>\n\t\t\t\t\t<\/div>\n\t\t\t\t\t\t<\/div>\n\t\t\t\t<\/div>\n\t\t\t\t\t<\/div>\n\t\t<\/div>\n\t\t\t\t\t<\/div>\n\t\t<\/section>\n\t\t\t\t<\/div>\n\t\t","protected":false},"excerpt":{"rendered":"<p>Hurghada Royal Tours Notre direction et notre personnel poss\u00e8dent une vaste exp\u00e9rience dans le secteur du tourisme. Tous sont des professionnels hautement qualifi\u00e9s et, bien s\u00fbr, ma\u00eetrisent l\u2019anglais. Dans notre agence de voyage et sur notre site web, vous pouvez r\u00e9server des excursions \u00e0 la journ\u00e9e depuis El Gouna, Hurghada, Sahl Hasheesh, Makadi Bay, Soma [&hellip;]<\/p>\n","protected":false},"author":1,"featured_media":17494,"parent":0,"menu_order":0,"comment_status":"closed","ping_status":"closed","template":"","meta":{"_monsterinsights_skip_tracking":false,"_monsterinsights_sitenote_active":false,"_monsterinsights_sitenote_note":"","_monsterinsights_sitenote_category":0,"_glsr_average":0,"_glsr_ranking":0,"_glsr_reviews":0,"footnotes":""},"class_list":["post-17492","page","type-page","status-publish","has-post-thumbnail","hentry"],"_links":{"self":[{"href":"https:\/\/hurghadaroyaltours.com\/fr\/wp-json\/wp\/v2\/pages\/17492","targetHints":{"allow":["GET"]}}],"collection":[{"href":"https:\/\/hurghadaroyaltours.com\/fr\/wp-json\/wp\/v2\/pages"}],"about":[{"href":"https:\/\/hurghadaroyaltours.com\/fr\/wp-json\/wp\/v2\/types\/page"}],"author":[{"embeddable":true,"href":"https:\/\/hurghadaroyaltours.com\/fr\/wp-json\/wp\/v2\/users\/1"}],"replies":[{"embeddable":true,"href":"https:\/\/hurghadaroyaltours.com\/fr\/wp-json\/wp\/v2\/comments?post=17492"}],"version-history":[{"count":13,"href":"https:\/\/hurghadaroyaltours.com\/fr\/wp-json\/wp\/v2\/pages\/17492\/revisions"}],"predecessor-version":[{"id":30752,"href":"https:\/\/hurghadaroyaltours.com\/fr\/wp-json\/wp\/v2\/pages\/17492\/revisions\/30752"}],"wp:featuredmedia":[{"embeddable":true,"href":"https:\/\/hurghadaroyaltours.com\/fr\/wp-json\/wp\/v2\/media\/17494"}],"wp:attachment":[{"href":"https:\/\/hurghadaroyaltours.com\/fr\/wp-json\/wp\/v2\/media?parent=17492"}],"curies":[{"name":"wp","href":"https:\/\/api.w.org\/{rel}","templated":true}]}}